{"id":830,"date":"2023-12-11T23:55:10","date_gmt":"2023-12-11T23:55:10","guid":{"rendered":"https:\/\/ipluso.tendenciadigital.pt\/grupo4\/?post_type=product&#038;p=830"},"modified":"2023-12-11T23:56:42","modified_gmt":"2023-12-11T23:56:42","slug":"calcas-de-fato-brancas-ana","status":"publish","type":"product","link":"https:\/\/ipluso.tendenciadigital.pt\/grupo4\/product\/calcas-de-fato-brancas-ana\/","title":{"rendered":"Cal\u00e7as de fato brancas an\u00e3"},"content":{"rendered":"","protected":false},"excerpt":{"rendered":"<p>Cal\u00e7as de fato brancas para mulher an\u00e3<\/p>\n","protected":false},"featured_media":831,"comment_status":"open","ping_status":"closed","template":"","meta":[],"product_cat":[21],"product_tag":[],"class_list":["post-830","product","type-product","status-publish","has-post-thumbnail","hentry","product_cat-calcas-ana"],"_links":{"self":[{"href":"https:\/\/ipluso.tendenciadigital.pt\/grupo4\/wp-json\/wp\/v2\/product\/830","targetHints":{"allow":["GET"]}}],"collection":[{"href":"https:\/\/ipluso.tendenciadigital.pt\/grupo4\/wp-json\/wp\/v2\/product"}],"about":[{"href":"https:\/\/ipluso.tendenciadigital.pt\/grupo4\/wp-json\/wp\/v2\/types\/product"}],"replies":[{"embeddable":true,"href":"https:\/\/ipluso.tendenciadigital.pt\/grupo4\/wp-json\/wp\/v2\/comments?post=830"}],"wp:featuredmedia":[{"embeddable":true,"href":"https:\/\/ipluso.tendenciadigital.pt\/grupo4\/wp-json\/wp\/v2\/media\/831"}],"wp:attachment":[{"href":"https:\/\/ipluso.tendenciadigital.pt\/grupo4\/wp-json\/wp\/v2\/media?parent=830"}],"wp:term":[{"taxonomy":"product_cat","embeddable":true,"href":"https:\/\/ipluso.tendenciadigital.pt\/grupo4\/wp-json\/wp\/v2\/product_cat?post=830"},{"taxonomy":"product_tag","embeddable":true,"href":"https:\/\/ipluso.tendenciadigital.pt\/grupo4\/wp-json\/wp\/v2\/product_tag?post=830"}],"curies":[{"name":"wp","href":"https:\/\/api.w.org\/{rel}","templated":true}]}}