{"id":820,"date":"2023-12-11T23:52:42","date_gmt":"2023-12-11T23:52:42","guid":{"rendered":"https:\/\/ipluso.tendenciadigital.pt\/grupo4\/?post_type=product&#038;p=820"},"modified":"2025-09-01T11:00:07","modified_gmt":"2025-09-01T11:00:07","slug":"calcas-de-fato-pretas-anao","status":"publish","type":"product","link":"https:\/\/ipluso.tendenciadigital.pt\/grupo4\/product\/calcas-de-fato-pretas-anao\/","title":{"rendered":"Cal\u00e7as de fato pretas an\u00e3o"},"content":{"rendered":"","protected":false},"excerpt":{"rendered":"<p>Cal\u00e7as de fato pretas com bot\u00e3o preto para homem an\u00e3o<\/p>\n","protected":false},"featured_media":824,"comment_status":"open","ping_status":"closed","template":"","meta":[],"product_cat":[22],"product_tag":[],"class_list":["post-820","product","type-product","status-publish","has-post-thumbnail","hentry","product_cat-calcas-anao"],"_links":{"self":[{"href":"https:\/\/ipluso.tendenciadigital.pt\/grupo4\/wp-json\/wp\/v2\/product\/820","targetHints":{"allow":["GET"]}}],"collection":[{"href":"https:\/\/ipluso.tendenciadigital.pt\/grupo4\/wp-json\/wp\/v2\/product"}],"about":[{"href":"https:\/\/ipluso.tendenciadigital.pt\/grupo4\/wp-json\/wp\/v2\/types\/product"}],"replies":[{"embeddable":true,"href":"https:\/\/ipluso.tendenciadigital.pt\/grupo4\/wp-json\/wp\/v2\/comments?post=820"}],"wp:featuredmedia":[{"embeddable":true,"href":"https:\/\/ipluso.tendenciadigital.pt\/grupo4\/wp-json\/wp\/v2\/media\/824"}],"wp:attachment":[{"href":"https:\/\/ipluso.tendenciadigital.pt\/grupo4\/wp-json\/wp\/v2\/media?parent=820"}],"wp:term":[{"taxonomy":"product_cat","embeddable":true,"href":"https:\/\/ipluso.tendenciadigital.pt\/grupo4\/wp-json\/wp\/v2\/product_cat?post=820"},{"taxonomy":"product_tag","embeddable":true,"href":"https:\/\/ipluso.tendenciadigital.pt\/grupo4\/wp-json\/wp\/v2\/product_tag?post=820"}],"curies":[{"name":"wp","href":"https:\/\/api.w.org\/{rel}","templated":true}]}}