{"id":811,"date":"2023-12-11T23:49:54","date_gmt":"2023-12-11T23:49:54","guid":{"rendered":"https:\/\/ipluso.tendenciadigital.pt\/grupo4\/?post_type=product&#038;p=811"},"modified":"2023-12-11T23:51:56","modified_gmt":"2023-12-11T23:51:56","slug":"calcas-de-fato-azul-anao","status":"publish","type":"product","link":"https:\/\/ipluso.tendenciadigital.pt\/grupo4\/product\/calcas-de-fato-azul-anao\/","title":{"rendered":"Cal\u00e7as de fato azul an\u00e3o"},"content":{"rendered":"","protected":false},"excerpt":{"rendered":"<p>Cal\u00e7as de fato azuis com bot\u00e3o de madeira para homem an\u00e3o<\/p>\n","protected":false},"featured_media":812,"comment_status":"open","ping_status":"closed","template":"","meta":[],"product_cat":[22],"product_tag":[],"class_list":["post-811","product","type-product","status-publish","has-post-thumbnail","hentry","product_cat-calcas-anao"],"_links":{"self":[{"href":"https:\/\/ipluso.tendenciadigital.pt\/grupo4\/wp-json\/wp\/v2\/product\/811","targetHints":{"allow":["GET"]}}],"collection":[{"href":"https:\/\/ipluso.tendenciadigital.pt\/grupo4\/wp-json\/wp\/v2\/product"}],"about":[{"href":"https:\/\/ipluso.tendenciadigital.pt\/grupo4\/wp-json\/wp\/v2\/types\/product"}],"replies":[{"embeddable":true,"href":"https:\/\/ipluso.tendenciadigital.pt\/grupo4\/wp-json\/wp\/v2\/comments?post=811"}],"wp:featuredmedia":[{"embeddable":true,"href":"https:\/\/ipluso.tendenciadigital.pt\/grupo4\/wp-json\/wp\/v2\/media\/812"}],"wp:attachment":[{"href":"https:\/\/ipluso.tendenciadigital.pt\/grupo4\/wp-json\/wp\/v2\/media?parent=811"}],"wp:term":[{"taxonomy":"product_cat","embeddable":true,"href":"https:\/\/ipluso.tendenciadigital.pt\/grupo4\/wp-json\/wp\/v2\/product_cat?post=811"},{"taxonomy":"product_tag","embeddable":true,"href":"https:\/\/ipluso.tendenciadigital.pt\/grupo4\/wp-json\/wp\/v2\/product_tag?post=811"}],"curies":[{"name":"wp","href":"https:\/\/api.w.org\/{rel}","templated":true}]}}