{"id":740,"date":"2023-12-11T23:26:04","date_gmt":"2023-12-11T23:26:04","guid":{"rendered":"https:\/\/ipluso.tendenciadigital.pt\/grupo4\/?post_type=product&#038;p=740"},"modified":"2023-12-11T23:28:57","modified_gmt":"2023-12-11T23:28:57","slug":"vestido-de-cerimonia-ana","status":"publish","type":"product","link":"https:\/\/ipluso.tendenciadigital.pt\/grupo4\/product\/vestido-de-cerimonia-ana\/","title":{"rendered":"Vestido de cerim\u00f3nia an\u00e3"},"content":{"rendered":"","protected":false},"excerpt":{"rendered":"<p>Vestido de cerim\u00f3nia rosa claro para mulher an\u00e3<\/p>\n","protected":false},"featured_media":741,"comment_status":"open","ping_status":"closed","template":"","meta":[],"product_cat":[23],"product_tag":[],"class_list":["post-740","product","type-product","status-publish","has-post-thumbnail","hentry","product_cat-vestidos-e-macacoes"],"_links":{"self":[{"href":"https:\/\/ipluso.tendenciadigital.pt\/grupo4\/wp-json\/wp\/v2\/product\/740","targetHints":{"allow":["GET"]}}],"collection":[{"href":"https:\/\/ipluso.tendenciadigital.pt\/grupo4\/wp-json\/wp\/v2\/product"}],"about":[{"href":"https:\/\/ipluso.tendenciadigital.pt\/grupo4\/wp-json\/wp\/v2\/types\/product"}],"replies":[{"embeddable":true,"href":"https:\/\/ipluso.tendenciadigital.pt\/grupo4\/wp-json\/wp\/v2\/comments?post=740"}],"wp:featuredmedia":[{"embeddable":true,"href":"https:\/\/ipluso.tendenciadigital.pt\/grupo4\/wp-json\/wp\/v2\/media\/741"}],"wp:attachment":[{"href":"https:\/\/ipluso.tendenciadigital.pt\/grupo4\/wp-json\/wp\/v2\/media?parent=740"}],"wp:term":[{"taxonomy":"product_cat","embeddable":true,"href":"https:\/\/ipluso.tendenciadigital.pt\/grupo4\/wp-json\/wp\/v2\/product_cat?post=740"},{"taxonomy":"product_tag","embeddable":true,"href":"https:\/\/ipluso.tendenciadigital.pt\/grupo4\/wp-json\/wp\/v2\/product_tag?post=740"}],"curies":[{"name":"wp","href":"https:\/\/api.w.org\/{rel}","templated":true}]}}