{"id":724,"date":"2023-12-11T23:20:52","date_gmt":"2023-12-11T23:20:52","guid":{"rendered":"https:\/\/ipluso.tendenciadigital.pt\/grupo4\/?post_type=product&#038;p=724"},"modified":"2023-12-11T23:23:38","modified_gmt":"2023-12-11T23:23:38","slug":"macacao-ana","status":"publish","type":"product","link":"https:\/\/ipluso.tendenciadigital.pt\/grupo4\/product\/macacao-ana\/","title":{"rendered":"Macac\u00e3o an\u00e3"},"content":{"rendered":"","protected":false},"excerpt":{"rendered":"<p>Macac\u00e3o de al\u00e7as para mulher an\u00e3<\/p>\n","protected":false},"featured_media":726,"comment_status":"open","ping_status":"closed","template":"","meta":[],"product_cat":[23],"product_tag":[],"class_list":["post-724","product","type-product","status-publish","has-post-thumbnail","hentry","product_cat-vestidos-e-macacoes"],"_links":{"self":[{"href":"https:\/\/ipluso.tendenciadigital.pt\/grupo4\/wp-json\/wp\/v2\/product\/724","targetHints":{"allow":["GET"]}}],"collection":[{"href":"https:\/\/ipluso.tendenciadigital.pt\/grupo4\/wp-json\/wp\/v2\/product"}],"about":[{"href":"https:\/\/ipluso.tendenciadigital.pt\/grupo4\/wp-json\/wp\/v2\/types\/product"}],"replies":[{"embeddable":true,"href":"https:\/\/ipluso.tendenciadigital.pt\/grupo4\/wp-json\/wp\/v2\/comments?post=724"}],"wp:featuredmedia":[{"embeddable":true,"href":"https:\/\/ipluso.tendenciadigital.pt\/grupo4\/wp-json\/wp\/v2\/media\/726"}],"wp:attachment":[{"href":"https:\/\/ipluso.tendenciadigital.pt\/grupo4\/wp-json\/wp\/v2\/media?parent=724"}],"wp:term":[{"taxonomy":"product_cat","embeddable":true,"href":"https:\/\/ipluso.tendenciadigital.pt\/grupo4\/wp-json\/wp\/v2\/product_cat?post=724"},{"taxonomy":"product_tag","embeddable":true,"href":"https:\/\/ipluso.tendenciadigital.pt\/grupo4\/wp-json\/wp\/v2\/product_tag?post=724"}],"curies":[{"name":"wp","href":"https:\/\/api.w.org\/{rel}","templated":true}]}}