{"id":517,"date":"2023-12-11T13:21:47","date_gmt":"2023-12-11T13:21:47","guid":{"rendered":"https:\/\/ipluso.tendenciadigital.pt\/grupo4\/?post_type=product&#038;p=517"},"modified":"2023-12-11T13:26:14","modified_gmt":"2023-12-11T13:26:14","slug":"vestido-tigresa-cor-de-rosa","status":"publish","type":"product","link":"https:\/\/ipluso.tendenciadigital.pt\/grupo4\/product\/vestido-tigresa-cor-de-rosa\/","title":{"rendered":"Vestido Tigresa cor de rosa"},"content":{"rendered":"\n<p>As al\u00e7as finas conferem um toque delicado, contrastando com a estampa audaciosa, e o decote em V adiciona um toque de sensualidade com sofistica\u00e7\u00e3o. A saia esvoa\u00e7ante complementa o estilo, proporcionando movimento e fluidez.<\/p>\n\n\n\n<p>Detalhes adicionais, como um cinto elegante ou detalhes em renda, podem acentuar a beleza do vestido. Este vestido tigresa cor de rosa \u00e9 uma escolha perfeita para eventos que exigem um toque de exuber\u00e2ncia e personalidade, garantindo que quem o veste se destaque com charme e estilo.<\/p>\n","protected":false},"excerpt":{"rendered":"<p>Este deslumbrante vestido tigresa em tons de rosa \u00e9 uma explos\u00e3o de ousadia e eleg\u00e2ncia. A estampa inspirada na pele de tigre adiciona um toque selvagem e contempor\u00e2neo \u00e0 pe\u00e7a. O corpete ajustado destaca a silhueta, enquanto as nuances de rosa criam uma combina\u00e7\u00e3o vibrante e feminina.<\/p>\n","protected":false},"featured_media":521,"comment_status":"open","ping_status":"closed","template":"","meta":[],"product_cat":[15],"product_tag":[],"class_list":["post-517","product","type-product","status-publish","has-post-thumbnail","hentry","product_cat-uncategorized"],"_links":{"self":[{"href":"https:\/\/ipluso.tendenciadigital.pt\/grupo4\/wp-json\/wp\/v2\/product\/517","targetHints":{"allow":["GET"]}}],"collection":[{"href":"https:\/\/ipluso.tendenciadigital.pt\/grupo4\/wp-json\/wp\/v2\/product"}],"about":[{"href":"https:\/\/ipluso.tendenciadigital.pt\/grupo4\/wp-json\/wp\/v2\/types\/product"}],"replies":[{"embeddable":true,"href":"https:\/\/ipluso.tendenciadigital.pt\/grupo4\/wp-json\/wp\/v2\/comments?post=517"}],"wp:featuredmedia":[{"embeddable":true,"href":"https:\/\/ipluso.tendenciadigital.pt\/grupo4\/wp-json\/wp\/v2\/media\/521"}],"wp:attachment":[{"href":"https:\/\/ipluso.tendenciadigital.pt\/grupo4\/wp-json\/wp\/v2\/media?parent=517"}],"wp:term":[{"taxonomy":"product_cat","embeddable":true,"href":"https:\/\/ipluso.tendenciadigital.pt\/grupo4\/wp-json\/wp\/v2\/product_cat?post=517"},{"taxonomy":"product_tag","embeddable":true,"href":"https:\/\/ipluso.tendenciadigital.pt\/grupo4\/wp-json\/wp\/v2\/product_tag?post=517"}],"curies":[{"name":"wp","href":"https:\/\/api.w.org\/{rel}","templated":true}]}}