{"id":290,"date":"2023-11-30T10:37:15","date_gmt":"2023-11-30T10:37:15","guid":{"rendered":"https:\/\/ipluso.tendenciadigital.pt\/grupo4\/?page_id=290"},"modified":"2023-12-11T22:53:40","modified_gmt":"2023-12-11T22:53:40","slug":"sobre-nos","status":"publish","type":"page","link":"https:\/\/ipluso.tendenciadigital.pt\/grupo4\/sobre-nos\/","title":{"rendered":"Sobre N\u00f3s"},"content":{"rendered":"\t\t<div data-elementor-type=\"wp-page\" data-elementor-id=\"290\" class=\"elementor elementor-290\" data-elementor-post-type=\"page\">\n\t\t\t\t\t\t\t<div class=\"elementor-element elementor-element-46c1c200 e-flex e-con-boxed e-con e-parent\" data-id=\"46c1c200\" data-element_type=\"container\" data-settings=\"{&quot;background_background&quot;:&quot;classic&quot;,&quot;content_width&quot;:&quot;boxed&quot;}\" data-core-v316-plus=\"true\">\n\t\t\t\t\t<div class=\"e-con-inner\">\n\t\t\t\t<div class=\"elementor-element elementor-element-2f6729d2 elementor-widget elementor-widget-text-editor\" data-id=\"2f6729d2\" data-element_type=\"widget\" data-widget_type=\"text-editor.default\">\n\t\t\t\t<div class=\"elementor-widget-container\">\n\t\t\t<style>\/*! elementor - v3.18.0 - 08-12-2023 *\/\n.elementor-widget-text-editor.elementor-drop-cap-view-stacked .elementor-drop-cap{background-color:#69727d;color:#fff}.elementor-widget-text-editor.elementor-drop-cap-view-framed .elementor-drop-cap{color:#69727d;border:3px solid;background-color:transparent}.elementor-widget-text-editor:not(.elementor-drop-cap-view-default) .elementor-drop-cap{margin-top:8px}.elementor-widget-text-editor:not(.elementor-drop-cap-view-default) .elementor-drop-cap-letter{width:1em;height:1em}.elementor-widget-text-editor .elementor-drop-cap{float:left;text-align:center;line-height:1;font-size:50px}.elementor-widget-text-editor .elementor-drop-cap-letter{display:inline-block}<\/style>\t\t\t\t<p><!-- wp:paragraph --><\/p><p><strong>Aviso:<\/strong> Este site foi feito no \u00e2mbito da disciplina de Com\u00e9rcio Electr\u00f3nico, do CTesp de Marketing Digital.<\/p><p><!-- \/wp:paragraph --><\/p><p><!-- wp:paragraph --><\/p><p><!-- \/wp:paragraph --><\/p><p><!-- wp:paragraph --><\/p><p><!-- \/wp:paragraph --><\/p>\t\t\t\t\t\t<\/div>\n\t\t\t\t<\/div>\n\t\t\t\t\t<\/div>\n\t\t\t\t<\/div>\n\t\t<div class=\"elementor-element elementor-element-9ad00e3 e-flex e-con-boxed e-con e-parent\" data-id=\"9ad00e3\" data-element_type=\"container\" data-settings=\"{&quot;content_width&quot;:&quot;boxed&quot;}\" data-core-v316-plus=\"true\">\n\t\t\t\t\t<div class=\"e-con-inner\">\n\t\t<div class=\"elementor-element elementor-element-28f1d53 e-con-full e-flex e-con e-child\" data-id=\"28f1d53\" data-element_type=\"container\" data-settings=\"{&quot;content_width&quot;:&quot;full&quot;,&quot;motion_fx_motion_fx_mouse&quot;:&quot;yes&quot;,&quot;motion_fx_tilt_effect&quot;:&quot;yes&quot;,&quot;motion_fx_tilt_direction&quot;:&quot;negative&quot;,&quot;motion_fx_tilt_speed&quot;:{&quot;unit&quot;:&quot;px&quot;,&quot;size&quot;:2,&quot;sizes&quot;:[]}}\">\n\t\t\t\t<div class=\"elementor-element elementor-element-7787b8d elementor-widget elementor-widget-image\" data-id=\"7787b8d\" data-element_type=\"widget\" data-widget_type=\"image.default\">\n\t\t\t\t<div class=\"elementor-widget-container\">\n\t\t\t<style>\/*! elementor - v3.18.0 - 08-12-2023 *\/\n.elementor-widget-image{text-align:center}.elementor-widget-image a{display:inline-block}.elementor-widget-image a img[src$=\".svg\"]{width:48px}.elementor-widget-image img{vertical-align:middle;display:inline-block}<\/style>\t\t\t\t\t\t\t\t\t\t\t\t<img fetchpriority=\"high\" decoding=\"async\" width=\"200\" height=\"300\" src=\"https:\/\/ipluso.tendenciadigital.pt\/grupo4\/wp-content\/uploads\/2023\/12\/IMG_6684-2-200x300.jpg\" class=\"attachment-medium size-medium wp-image-301\" alt=\"\" srcset=\"https:\/\/ipluso.tendenciadigital.pt\/grupo4\/wp-content\/uploads\/2023\/12\/IMG_6684-2-200x300.jpg 200w, https:\/\/ipluso.tendenciadigital.pt\/grupo4\/wp-content\/uploads\/2023\/12\/IMG_6684-2-scaled-600x900.jpg 600w, https:\/\/ipluso.tendenciadigital.pt\/grupo4\/wp-content\/uploads\/2023\/12\/IMG_6684-2-683x1024.jpg 683w, https:\/\/ipluso.tendenciadigital.pt\/grupo4\/wp-content\/uploads\/2023\/12\/IMG_6684-2-768x1152.jpg 768w, https:\/\/ipluso.tendenciadigital.pt\/grupo4\/wp-content\/uploads\/2023\/12\/IMG_6684-2-1024x1536.jpg 1024w, https:\/\/ipluso.tendenciadigital.pt\/grupo4\/wp-content\/uploads\/2023\/12\/IMG_6684-2-1365x2048.jpg 1365w, https:\/\/ipluso.tendenciadigital.pt\/grupo4\/wp-content\/uploads\/2023\/12\/IMG_6684-2-scaled.jpg 1706w\" sizes=\"(max-width: 200px) 100vw, 200px\" \/>\t\t\t\t\t\t\t\t\t\t\t\t\t\t\t<\/div>\n\t\t\t\t<\/div>\n\t\t\t\t<\/div>\n\t\t<div class=\"elementor-element elementor-element-3d0ecd0 e-con-full e-flex e-con e-child\" data-id=\"3d0ecd0\" data-element_type=\"container\" data-settings=\"{&quot;content_width&quot;:&quot;full&quot;}\">\n\t\t\t\t<div class=\"elementor-element elementor-element-cbf9b51 elementor-widget elementor-widget-text-editor\" data-id=\"cbf9b51\" data-element_type=\"widget\" data-widget_type=\"text-editor.default\">\n\t\t\t\t<div class=\"elementor-widget-container\">\n\t\t\t\t\t\t\t<p>Raquel Can\u00e1rio, \u00e9 uma estudante do CTesp de Marketing de Digital no IPluso. Tem 19 anos, nascida a 25 de mar\u00e7o de 2004, e \u00e9 natural de Almada, Margem Sul. Reside em Corroios, Seixal. Tirou o curso profissional de Desenho Digital 3D no secund\u00e1rio, na Escola Profissional Jean Piaget.\u00a0<\/p>\t\t\t\t\t\t<\/div>\n\t\t\t\t<\/div>\n\t\t\t\t<\/div>\n\t\t\t\t\t<\/div>\n\t\t\t\t<\/div>\n\t\t<div class=\"elementor-element elementor-element-a6a2e8b e-flex e-con-boxed e-con e-parent\" data-id=\"a6a2e8b\" data-element_type=\"container\" data-settings=\"{&quot;content_width&quot;:&quot;boxed&quot;}\" data-core-v316-plus=\"true\">\n\t\t\t\t\t<div class=\"e-con-inner\">\n\t\t<div class=\"elementor-element elementor-element-26b6180 e-con-full e-flex e-con e-child\" data-id=\"26b6180\" data-element_type=\"container\" data-settings=\"{&quot;content_width&quot;:&quot;full&quot;,&quot;motion_fx_motion_fx_mouse&quot;:&quot;yes&quot;,&quot;motion_fx_tilt_effect&quot;:&quot;yes&quot;,&quot;motion_fx_tilt_direction&quot;:&quot;negative&quot;,&quot;motion_fx_tilt_speed&quot;:{&quot;unit&quot;:&quot;px&quot;,&quot;size&quot;:2,&quot;sizes&quot;:[]}}\">\n\t\t\t\t<div class=\"elementor-element elementor-element-8f1a055 elementor-widget elementor-widget-image\" data-id=\"8f1a055\" data-element_type=\"widget\" data-widget_type=\"image.default\">\n\t\t\t\t<div class=\"elementor-widget-container\">\n\t\t\t\t\t\t\t\t\t\t\t\t\t\t\t<img decoding=\"async\" width=\"300\" height=\"300\" src=\"https:\/\/ipluso.tendenciadigital.pt\/grupo4\/wp-content\/uploads\/2023\/12\/WhatsApp-Image-2023-01-13-at-23.18.49-300x300.jpeg\" class=\"attachment-medium size-medium wp-image-303\" alt=\"\" srcset=\"https:\/\/ipluso.tendenciadigital.pt\/grupo4\/wp-content\/uploads\/2023\/12\/WhatsApp-Image-2023-01-13-at-23.18.49-300x300.jpeg 300w, https:\/\/ipluso.tendenciadigital.pt\/grupo4\/wp-content\/uploads\/2023\/12\/WhatsApp-Image-2023-01-13-at-23.18.49-100x100.jpeg 100w, https:\/\/ipluso.tendenciadigital.pt\/grupo4\/wp-content\/uploads\/2023\/12\/WhatsApp-Image-2023-01-13-at-23.18.49-150x150.jpeg 150w, https:\/\/ipluso.tendenciadigital.pt\/grupo4\/wp-content\/uploads\/2023\/12\/WhatsApp-Image-2023-01-13-at-23.18.49.jpeg 320w\" sizes=\"(max-width: 300px) 100vw, 300px\" \/>\t\t\t\t\t\t\t\t\t\t\t\t\t\t\t<\/div>\n\t\t\t\t<\/div>\n\t\t\t\t<\/div>\n\t\t<div class=\"elementor-element elementor-element-5e35b44 e-con-full e-flex e-con e-child\" data-id=\"5e35b44\" data-element_type=\"container\" data-settings=\"{&quot;content_width&quot;:&quot;full&quot;}\">\n\t\t\t\t<div class=\"elementor-element elementor-element-f247684 elementor-widget elementor-widget-text-editor\" data-id=\"f247684\" data-element_type=\"widget\" data-widget_type=\"text-editor.default\">\n\t\t\t\t<div class=\"elementor-widget-container\">\n\t\t\t\t\t\t\t<p>Rodrigo Moitas, \u00e9 um estudante do CTesp de Marketing Digital no IPluso. Tem 22 anos, nascido a \u00a08 de maio de 2002 e \u00e9 natural de Arroios, Lisboa. Reside em Sobrinhos, Alverca. Tirou o curso profissional de Comunica\u00e7\u00e3o, Marketing, Rela\u00e7\u00f5es P\u00fablicas e Publicidade no secund\u00e1rio na Escola Profissional de Artes, Tecnologia e Desporto.<\/p>\t\t\t\t\t\t<\/div>\n\t\t\t\t<\/div>\n\t\t\t\t<\/div>\n\t\t\t\t\t<\/div>\n\t\t\t\t<\/div>\n\t\t<div class=\"elementor-element elementor-element-bd9455b e-flex e-con-boxed e-con e-parent\" data-id=\"bd9455b\" data-element_type=\"container\" data-settings=\"{&quot;content_width&quot;:&quot;boxed&quot;}\" data-core-v316-plus=\"true\">\n\t\t\t\t\t<div class=\"e-con-inner\">\n\t\t<div class=\"elementor-element elementor-element-aeb0441 e-con-full e-flex e-con e-child\" data-id=\"aeb0441\" data-element_type=\"container\" data-settings=\"{&quot;content_width&quot;:&quot;full&quot;,&quot;motion_fx_motion_fx_mouse&quot;:&quot;yes&quot;,&quot;motion_fx_tilt_effect&quot;:&quot;yes&quot;,&quot;motion_fx_tilt_direction&quot;:&quot;negative&quot;,&quot;motion_fx_tilt_speed&quot;:{&quot;unit&quot;:&quot;px&quot;,&quot;size&quot;:2.9,&quot;sizes&quot;:[]}}\">\n\t\t\t\t<div class=\"elementor-element elementor-element-571a140 elementor-widget elementor-widget-image\" data-id=\"571a140\" data-element_type=\"widget\" data-widget_type=\"image.default\">\n\t\t\t\t<div class=\"elementor-widget-container\">\n\t\t\t\t\t\t\t\t\t\t\t\t\t\t\t<img decoding=\"async\" width=\"300\" height=\"289\" src=\"https:\/\/ipluso.tendenciadigital.pt\/grupo4\/wp-content\/uploads\/2023\/12\/Screenshot-2023-12-04-at-11.20.22-300x289.png\" class=\"attachment-medium size-medium wp-image-311\" alt=\"\" srcset=\"https:\/\/ipluso.tendenciadigital.pt\/grupo4\/wp-content\/uploads\/2023\/12\/Screenshot-2023-12-04-at-11.20.22-300x289.png 300w, https:\/\/ipluso.tendenciadigital.pt\/grupo4\/wp-content\/uploads\/2023\/12\/Screenshot-2023-12-04-at-11.20.22-416x401.png 416w, https:\/\/ipluso.tendenciadigital.pt\/grupo4\/wp-content\/uploads\/2023\/12\/Screenshot-2023-12-04-at-11.20.22.png 540w\" sizes=\"(max-width: 300px) 100vw, 300px\" \/>\t\t\t\t\t\t\t\t\t\t\t\t\t\t\t<\/div>\n\t\t\t\t<\/div>\n\t\t\t\t<\/div>\n\t\t<div class=\"elementor-element elementor-element-5289d07 e-con-full e-flex e-con e-child\" data-id=\"5289d07\" data-element_type=\"container\" data-settings=\"{&quot;content_width&quot;:&quot;full&quot;}\">\n\t\t\t\t<div class=\"elementor-element elementor-element-a0ea96a elementor-widget elementor-widget-text-editor\" data-id=\"a0ea96a\" data-element_type=\"widget\" data-widget_type=\"text-editor.default\">\n\t\t\t\t<div class=\"elementor-widget-container\">\n\t\t\t\t\t\t\t<p>Pedro Matias, \u00e9 um estudante do CTesp de Marketing Digital no IPluso. Tem 19 anos, nascido a 18 de mar\u00e7o de 2004, natural de Arroios, Lisboa. Reside em Br\u00e2ndoa, Amadora. Tirou L\u00ednguas e Humanidades no secund\u00e1rio na escola Fernando Namora.<\/p><p>\u00a0<\/p>\t\t\t\t\t\t<\/div>\n\t\t\t\t<\/div>\n\t\t\t\t<\/div>\n\t\t\t\t\t<\/div>\n\t\t\t\t<\/div>\n\t\t<div class=\"elementor-element elementor-element-c9e8bf8 e-transform e-flex e-con-boxed e-con e-parent\" data-id=\"c9e8bf8\" data-element_type=\"container\" data-settings=\"{&quot;_transform_translateY_effect&quot;:{&quot;unit&quot;:&quot;px&quot;,&quot;size&quot;:25,&quot;sizes&quot;:[]},&quot;content_width&quot;:&quot;boxed&quot;,&quot;_transform_translateX_effect&quot;:{&quot;unit&quot;:&quot;px&quot;,&quot;size&quot;:&quot;&quot;,&quot;sizes&quot;:[]},&quot;_transform_translateX_effect_tablet&quot;:{&quot;unit&quot;:&quot;px&quot;,&quot;size&quot;:&quot;&quot;,&quot;sizes&quot;:[]},&quot;_transform_translateX_effect_mobile&quot;:{&quot;unit&quot;:&quot;px&quot;,&quot;size&quot;:&quot;&quot;,&quot;sizes&quot;:[]},&quot;_transform_translateY_effect_tablet&quot;:{&quot;unit&quot;:&quot;px&quot;,&quot;size&quot;:&quot;&quot;,&quot;sizes&quot;:[]},&quot;_transform_translateY_effect_mobile&quot;:{&quot;unit&quot;:&quot;px&quot;,&quot;size&quot;:&quot;&quot;,&quot;sizes&quot;:[]}}\" data-core-v316-plus=\"true\">\n\t\t\t\t\t<div class=\"e-con-inner\">\n\t\t\t\t<div class=\"elementor-element elementor-element-73c7d02 elementor-widget elementor-widget-text-editor\" data-id=\"73c7d02\" data-element_type=\"widget\" data-widget_type=\"text-editor.default\">\n\t\t\t\t<div class=\"elementor-widget-container\">\n\t\t\t\t\t\t\t<p>A marca veio a ser concebida para o fim de ajudar as pessoas que sofrem de nanismo, mais conhecidas como an\u00f5es.\u00a0<\/p><p class=\"cvGsUA direction-ltr align-center para-style-body\"><span class=\"OYPEnA text-decoration-none text-strikethrough-none\">Os sete an\u00f5es \u00e9 uma marca com fortes valores sociais e culturais s\u00f3lidos, que cria roupa de longa dura\u00e7\u00e3o, para indiv\u00edduos que sofrem de acondroplasia, utilizando nada mais do que os melhores tecidos, fabricados com mat\u00e9rias-primas org\u00e2nicas de alta qualidade e com um certificado GOTS.<\/span><\/p><p class=\"cvGsUA direction-ltr align-center para-style-body\"><span class=\"OYPEnA text-decoration-none text-strikethrough-none\">Os sete an\u00f5es confere grande import\u00e2ncia \u00e0 excel\u00eancia, arte e eco responsabilidade.<\/span><\/p><p><span class=\"OYPEnA text-decoration-none text-strikethrough-none\">Isto \u00e9 um mercado que n\u00e3o \u00e9 servido, muitas vezes, quando \u00e9 oferecida a inclus\u00e3o na moda, n\u00e3o inclui estes indiv\u00edduos.<\/span><\/p>\t\t\t\t\t\t<\/div>\n\t\t\t\t<\/div>\n\t\t\t\t\t<\/div>\n\t\t\t\t<\/div>\n\t\t<div class=\"elementor-element elementor-element-2ad40b5 e-flex e-con-boxed e-con e-parent\" data-id=\"2ad40b5\" data-element_type=\"container\" data-settings=\"{&quot;content_width&quot;:&quot;boxed&quot;}\" data-core-v316-plus=\"true\">\n\t\t\t\t\t<div class=\"e-con-inner\">\n\t\t\t\t<div class=\"elementor-element elementor-element-aee6dda e-transform elementor-widget elementor-widget-image\" data-id=\"aee6dda\" data-element_type=\"widget\" data-settings=\"{&quot;_transform_skewX_effect&quot;:{&quot;unit&quot;:&quot;px&quot;,&quot;size&quot;:165,&quot;sizes&quot;:[]},&quot;_transform_skewX_effect_tablet&quot;:{&quot;unit&quot;:&quot;deg&quot;,&quot;size&quot;:&quot;&quot;,&quot;sizes&quot;:[]},&quot;_transform_skewX_effect_mobile&quot;:{&quot;unit&quot;:&quot;deg&quot;,&quot;size&quot;:&quot;&quot;,&quot;sizes&quot;:[]},&quot;_transform_skewY_effect&quot;:{&quot;unit&quot;:&quot;px&quot;,&quot;size&quot;:&quot;&quot;,&quot;sizes&quot;:[]},&quot;_transform_skewY_effect_tablet&quot;:{&quot;unit&quot;:&quot;deg&quot;,&quot;size&quot;:&quot;&quot;,&quot;sizes&quot;:[]},&quot;_transform_skewY_effect_mobile&quot;:{&quot;unit&quot;:&quot;deg&quot;,&quot;size&quot;:&quot;&quot;,&quot;sizes&quot;:[]}}\" data-widget_type=\"image.default\">\n\t\t\t\t<div class=\"elementor-widget-container\">\n\t\t\t\t\t\t\t\t\t\t\t\t\t\t\t\t<a href=\"https:\/\/ipluso.tendenciadigital.pt\/grupo4\/\">\n\t\t\t\t\t\t\t<img loading=\"lazy\" decoding=\"async\" width=\"800\" height=\"322\" src=\"https:\/\/ipluso.tendenciadigital.pt\/grupo4\/wp-content\/uploads\/2023\/11\/Screenshot-2023-11-20-at-12.01.48-1024x412.png\" class=\"attachment-large size-large wp-image-160\" alt=\"Os 7 an\u00f5es logo\" srcset=\"https:\/\/ipluso.tendenciadigital.pt\/grupo4\/wp-content\/uploads\/2023\/11\/Screenshot-2023-11-20-at-12.01.48-1024x412.png 1024w, https:\/\/ipluso.tendenciadigital.pt\/grupo4\/wp-content\/uploads\/2023\/11\/Screenshot-2023-11-20-at-12.01.48-600x241.png 600w, https:\/\/ipluso.tendenciadigital.pt\/grupo4\/wp-content\/uploads\/2023\/11\/Screenshot-2023-11-20-at-12.01.48-300x121.png 300w, https:\/\/ipluso.tendenciadigital.pt\/grupo4\/wp-content\/uploads\/2023\/11\/Screenshot-2023-11-20-at-12.01.48-768x309.png 768w, https:\/\/ipluso.tendenciadigital.pt\/grupo4\/wp-content\/uploads\/2023\/11\/Screenshot-2023-11-20-at-12.01.48.png 1168w\" sizes=\"(max-width: 800px) 100vw, 800px\" \/>\t\t\t\t\t\t\t\t<\/a>\n\t\t\t\t\t\t\t\t\t\t\t\t\t\t\t<\/div>\n\t\t\t\t<\/div>\n\t\t\t\t\t<\/div>\n\t\t\t\t<\/div>\n\t\t\t\t\t\t\t<\/div>\n\t\t","protected":false},"excerpt":{"rendered":"<p>Aviso: Este site foi feito no \u00e2mbito da disciplina de Com\u00e9rcio Electr\u00f3nico, do CTesp de Marketing Digital. Raquel Can\u00e1rio, \u00e9 uma estudante do CTesp de Marketing de Digital no IPluso. Tem 19 anos, nascida a 25 de mar\u00e7o de 2004, e \u00e9 natural de Almada, Margem Sul. Reside em Corroios, Seixal. Tirou o curso profissional [&hellip;]<\/p>\n","protected":false},"author":5,"featured_media":0,"parent":0,"menu_order":0,"comment_status":"closed","ping_status":"closed","template":"","meta":{"footnotes":""},"class_list":["post-290","page","type-page","status-publish","hentry"],"_links":{"self":[{"href":"https:\/\/ipluso.tendenciadigital.pt\/grupo4\/wp-json\/wp\/v2\/pages\/290","targetHints":{"allow":["GET"]}}],"collection":[{"href":"https:\/\/ipluso.tendenciadigital.pt\/grupo4\/wp-json\/wp\/v2\/pages"}],"about":[{"href":"https:\/\/ipluso.tendenciadigital.pt\/grupo4\/wp-json\/wp\/v2\/types\/page"}],"author":[{"embeddable":true,"href":"https:\/\/ipluso.tendenciadigital.pt\/grupo4\/wp-json\/wp\/v2\/users\/5"}],"replies":[{"embeddable":true,"href":"https:\/\/ipluso.tendenciadigital.pt\/grupo4\/wp-json\/wp\/v2\/comments?post=290"}],"version-history":[{"count":31,"href":"https:\/\/ipluso.tendenciadigital.pt\/grupo4\/wp-json\/wp\/v2\/pages\/290\/revisions"}],"predecessor-version":[{"id":666,"href":"https:\/\/ipluso.tendenciadigital.pt\/grupo4\/wp-json\/wp\/v2\/pages\/290\/revisions\/666"}],"wp:attachment":[{"href":"https:\/\/ipluso.tendenciadigital.pt\/grupo4\/wp-json\/wp\/v2\/media?parent=290"}],"curies":[{"name":"wp","href":"https:\/\/api.w.org\/{rel}","templated":true}]}}