{"id":865,"date":"2023-11-27T11:32:04","date_gmt":"2023-11-27T11:32:04","guid":{"rendered":"https:\/\/ipluso.tendenciadigital.pt\/grupo3\/?post_type=product&#038;p=865"},"modified":"2023-12-11T13:17:08","modified_gmt":"2023-12-11T13:17:08","slug":"velas-de-baunilha-2","status":"publish","type":"product","link":"https:\/\/ipluso.tendenciadigital.pt\/grupo3\/product\/velas-de-baunilha-2\/","title":{"rendered":"Velas de Baunilha"},"content":{"rendered":"\r\n<p>As velas de baunilha oferecem uma experi\u00eancia sensorial calorosa e reconfortante, envolvendo o ambiente com a sua fragr\u00e2ncia doce e suave. O aroma de baunilha transmite uma sensa\u00e7\u00e3o acolhedora, lembrando a do\u00e7ura natural da baunilha. Ao acender uma vela de baunilha, \u00e9s transportado para um espa\u00e7o tranquilo e acolhedor, onde a fragr\u00e2ncia suave cria uma atmosfera relaxante.<\/p>\r\n","protected":false},"excerpt":{"rendered":"<h2>Velas de <a href=\"https:\/\/greensavers.sapo.pt\/aroma-a-baunilha-deriva-de-secrecao-de-castores\/\">Baunilha<\/a><\/h2>\n<p>Estas <a href=\"https:\/\/ipluso.tendenciadigital.pt\/grupo3\/product\/velas-de-baunilha-2\/\">velas<\/a> s\u00e3o frequentemente escolhidas para criar um ambiente acolhedor em casa, proporcionando n\u00e3o apenas ilumina\u00e7\u00e3o suave, mas tamb\u00e9m uma aura reconfortante e familiar.<\/p>\n","protected":false},"featured_media":1392,"comment_status":"open","ping_status":"closed","template":"","meta":[],"product_brand":[],"product_cat":[32],"product_tag":[],"class_list":{"0":"post-865","1":"product","2":"type-product","3":"status-publish","4":"has-post-thumbnail","6":"product_cat-velas","8":"first","9":"instock","10":"sale","11":"shipping-taxable","12":"purchasable","13":"product-type-variable"},"_links":{"self":[{"href":"https:\/\/ipluso.tendenciadigital.pt\/grupo3\/wp-json\/wp\/v2\/product\/865","targetHints":{"allow":["GET"]}}],"collection":[{"href":"https:\/\/ipluso.tendenciadigital.pt\/grupo3\/wp-json\/wp\/v2\/product"}],"about":[{"href":"https:\/\/ipluso.tendenciadigital.pt\/grupo3\/wp-json\/wp\/v2\/types\/product"}],"replies":[{"embeddable":true,"href":"https:\/\/ipluso.tendenciadigital.pt\/grupo3\/wp-json\/wp\/v2\/comments?post=865"}],"version-history":[{"count":5,"href":"https:\/\/ipluso.tendenciadigital.pt\/grupo3\/wp-json\/wp\/v2\/product\/865\/revisions"}],"predecessor-version":[{"id":1586,"href":"https:\/\/ipluso.tendenciadigital.pt\/grupo3\/wp-json\/wp\/v2\/product\/865\/revisions\/1586"}],"wp:featuredmedia":[{"embeddable":true,"href":"https:\/\/ipluso.tendenciadigital.pt\/grupo3\/wp-json\/wp\/v2\/media\/1392"}],"wp:attachment":[{"href":"https:\/\/ipluso.tendenciadigital.pt\/grupo3\/wp-json\/wp\/v2\/media?parent=865"}],"wp:term":[{"taxonomy":"product_brand","embeddable":true,"href":"https:\/\/ipluso.tendenciadigital.pt\/grupo3\/wp-json\/wp\/v2\/product_brand?post=865"},{"taxonomy":"product_cat","embeddable":true,"href":"https:\/\/ipluso.tendenciadigital.pt\/grupo3\/wp-json\/wp\/v2\/product_cat?post=865"},{"taxonomy":"product_tag","embeddable":true,"href":"https:\/\/ipluso.tendenciadigital.pt\/grupo3\/wp-json\/wp\/v2\/product_tag?post=865"}],"curies":[{"name":"wp","href":"https:\/\/api.w.org\/{rel}","templated":true}]}}