{"id":499,"date":"2023-11-29T12:03:43","date_gmt":"2023-11-29T12:03:43","guid":{"rendered":"https:\/\/ipluso.tendenciadigital.pt\/grupo2\/?post_type=product&#038;p=499"},"modified":"2024-01-11T17:44:06","modified_gmt":"2024-01-11T17:44:06","slug":"cloud-gaming-basico","status":"publish","type":"product","link":"https:\/\/ipluso.tendenciadigital.pt\/grupo2\/product\/cloud-gaming-basico\/","title":{"rendered":"Cloud Gaming B\u00e1sico"},"content":{"rendered":"<h1 data-sourcepos=\"1:1-1:28\"><strong>Cloud Gaming B\u00e1sico<\/strong><\/h1>\n<h3 data-sourcepos=\"5:1-5:411\">O Cloud Gaming B\u00e1sico da PocketCLD \u00e9 um servi\u00e7o de subscri\u00e7\u00e3o que te permite aceder a uma biblioteca de jogos de alta qualidade, incluindo lan\u00e7amentos recentes, cl\u00e1ssicos aclamados pela cr\u00edtica e t\u00edtulos independentes. Com o Cloud Gaming B\u00e1sico,\u00a0 podes jogar os teus jogos favoritos em qualquer dispositivo com uma conex\u00e3o \u00e0 internet, incluindo smartphones, tablets, computadores e consolas.<\/h3>\n<p><img fetchpriority=\"high\" decoding=\"async\" class=\"alignnone wp-image-98 size-medium\" src=\"https:\/\/ipluso.tendenciadigital.pt\/grupo2\/wp-content\/uploads\/2023\/11\/11668695_20945278-300x200.jpg\" alt=\"Cloud Gaming B\u00e1sico\" width=\"300\" height=\"200\" srcset=\"https:\/\/ipluso.tendenciadigital.pt\/grupo2\/wp-content\/uploads\/2023\/11\/11668695_20945278-300x200.jpg 300w, https:\/\/ipluso.tendenciadigital.pt\/grupo2\/wp-content\/uploads\/2023\/11\/11668695_20945278-1024x683.jpg 1024w, https:\/\/ipluso.tendenciadigital.pt\/grupo2\/wp-content\/uploads\/2023\/11\/11668695_20945278-768x512.jpg 768w, https:\/\/ipluso.tendenciadigital.pt\/grupo2\/wp-content\/uploads\/2023\/11\/11668695_20945278-1536x1024.jpg 1536w, https:\/\/ipluso.tendenciadigital.pt\/grupo2\/wp-content\/uploads\/2023\/11\/11668695_20945278-2048x1365.jpg 2048w, https:\/\/ipluso.tendenciadigital.pt\/grupo2\/wp-content\/uploads\/2023\/11\/11668695_20945278-600x400.jpg 600w\" sizes=\"(max-width: 300px) 100vw, 300px\" \/><\/p>\n<h2 data-sourcepos=\"7:1-7:14\"><strong>Benef\u00edcios:<\/strong><\/h2>\n<ul>\n<li data-sourcepos=\"9:1-9:36\">\n<h4><span style=\"color: #ffff99;\"><strong><span style=\"color: #000000;\">125 GB de armazenamento na Cloud:<\/span> <\/strong><\/span>O Cloud Gaming B\u00e1sico inclui 125 GB de armazenamento na cloud, para que possas guardar os teus jogos e progressos. Isso significa que n\u00e3o ter\u00e1s mais que te preocupar em perder os teus dados e com a mem\u00f3ria do teu dispositivo.<\/h4>\n<\/li>\n<li data-sourcepos=\"9:1-9:36\">\n<h4><strong>Biblioteca de jogos: <\/strong>A biblioteca de jogos do Cloud Gaming B\u00e1sico inclui centenas de t\u00edtulos, de todos os g\u00e9neros e para todas as idades. Podes encontrar l\u00e1 jogos de a\u00e7\u00e3o, aventura, RPG, corrida, estrat\u00e9gia, desporto e muito mais.<\/h4>\n<\/li>\n<li data-sourcepos=\"9:1-9:36\">\n<h4><strong>Multijogador online: <\/strong>O Cloud Gaming B\u00e1sico inclui acesso ao multiplayer online para todos os jogos suportados. Isso significa que podes jogar os teus jogos favoritos com os teus amigos, mesmo que eles n\u00e3o tenham o mesmo dispositivo que tu, ou seja, permitindo o cross-play.<\/h4>\n<\/li>\n<\/ul>\n<h2 data-sourcepos=\"33:1-33:14\"><strong>Requisitos<\/strong><\/h2>\n<ul>\n<li data-sourcepos=\"37:1-37:152\">\n<h4>Para usares o Cloud Gaming B\u00e1sico, vais precisar de um dispositivo com uma conex\u00e3o \u00e0 internet. O servi\u00e7o \u00e9 compat\u00edvel com os seguintes dispositivos:<\/h4>\n<\/li>\n<\/ul>\n<ol>\n<li style=\"list-style-type: none;\">\n<ol data-sourcepos=\"39:1-43:0\">\n<li data-sourcepos=\"39:1-39:31\">\n<h4>Smartphones e tablets Android<\/h4>\n<\/li>\n<li data-sourcepos=\"40:1-40:17\">\n<h4>iPhones e iPads<\/h4>\n<\/li>\n<li data-sourcepos=\"41:1-41:30\">\n<h4>Computadores Windows e macOS<\/h4>\n<\/li>\n<li data-sourcepos=\"42:1-43:0\">\n<h4>Consolas Xbox e PlayStation<\/h4>\n<\/li>\n<\/ol>\n<\/li>\n<\/ol>\n<ul>\n<li data-sourcepos=\"44:1-44:22\">\n<h4><strong>Conex\u00e3o \u00e0 internet: <\/strong>Para obter a melhor experi\u00eancia de jogo, vais precisar de uma conex\u00e3o \u00e0 internet com velocidade m\u00ednima de 10 Mbps.<\/h4>\n<\/li>\n<\/ul>\n<h2 data-sourcepos=\"48:1-48:16\"><strong>Como subscrever<\/strong><\/h2>\n<h4 data-sourcepos=\"50:1-50:154\">Para subscrever o Cloud Gaming B\u00e1sico, visita o site da PocketCLD e selecione o plano. Podes pagar por cart\u00e3o de cr\u00e9dito, PayPal, MBway e outras opc\u00e7\u00f5es dispon\u00edveis.<\/h4>\n<h2 data-sourcepos=\"52:1-52:9\"><strong>Pre\u00e7o<\/strong><\/h2>\n<h4>O pre\u00e7o do Cloud Gaming B\u00e1sico \u00e9 apartir de 4,99\u20ac, com dura\u00e7\u00e3o de at\u00e9 12 meses, e podes cancelar a qualquer altura.<\/h4>\n<h2 data-sourcepos=\"56:1-56:13\"><strong>Conclus\u00e3o<\/strong><\/h2>\n<h4 data-sourcepos=\"58:1-58:337\"><strong>O Cloud Gaming B\u00e1sico \u00e9 como ter um parque de divers\u00f5es de jogos em sua casa. Podes experimentar qualquer jogo que quiser, sem teres que te preocupar com espa\u00e7o ou hardware.<\/strong><\/h4>\n<h4 data-sourcepos=\"60:1-60:81\"><strong>Aqui est\u00e3o alguns exemplos de como podes usar:<\/strong><\/h4>\n<ul data-sourcepos=\"62:1-65:0\">\n<li data-sourcepos=\"62:1-62:121\">\n<h4>Podes usar o servi\u00e7o para jogar os lan\u00e7amentos mais recentes, mesmo que n\u00e3o tenha uma consola ou computador potente.<\/h4>\n<\/li>\n<li data-sourcepos=\"63:1-63:115\">\n<h4>Podes usar o servi\u00e7o para jogar os teus jogos favoritos de consolas antigos, mesmo que n\u00e3o tenha mais a consola.<\/h4>\n<\/li>\n<li data-sourcepos=\"64:1-65:0\">\n<h4>Podes usar o servi\u00e7o para jogar jogos com os teus amigos, mesmo que eles n\u00e3o tenham a mesmo consola ou computador.<\/h4>\n<\/li>\n<\/ul>\n<h4 data-sourcepos=\"66:1-66:157\"><strong>Se est\u00e1s a procura de uma maneira de expandir a tua biblioteca de jogos e melhorar a tua experi\u00eancia de jogo, o Cloud Gaming B\u00e1sico \u00e9 uma \u00f3tima op\u00e7\u00e3o.<\/strong><\/h4>\n<h4>Queres saber mais sobre n\u00f3s? Acede \u00e0 nossa comunidade atrav\u00e9s de <a href=\"https:\/\/ipluso.tendenciadigital.pt\/grupo2\/noticias\/\" target=\"_blank\" rel=\"nofollow noopener\">Noticias &#8211; PocketCLD <\/a>e vem fazer parte dos assuntos da semana<\/h4>\n<h4>Interessado no nosso ranking de SEO, para saberes mais consulta este link <a href=\"https:\/\/www.seobility.net\/en\/seocheck\/\" target=\"_blank\" rel=\"nofollow noopener\">aqui<\/a> <a title=\"SEO | Ckecker\" href=\"https:\/\/www.seobility.net\/en\/seocheck\/\" target=\"_blank\" rel=\"noopener nofollow\">SEO Checker | Test your website for free with Seobility<\/a><\/h4>\n","protected":false},"excerpt":{"rendered":"<p>Cloud Gaming B\u00e1sico O Cloud Gaming B\u00e1sico da PocketCLD \u00e9 um servi\u00e7o de subscri\u00e7\u00e3o que te permite aceder a uma biblioteca de jogos de alta qualidade, incluindo lan\u00e7amentos recentes, cl\u00e1ssicos aclamados pela cr\u00edtica e t\u00edtulos independentes. Com o Cloud Gaming B\u00e1sico,\u00a0 podes jogar os teus jogos favoritos em qualquer dispositivo com uma conex\u00e3o \u00e0 internet, [&hellip;]<\/p>\n","protected":false},"featured_media":966,"comment_status":"open","ping_status":"closed","template":"","meta":[],"product_cat":[26],"product_tag":[],"class_list":{"0":"post-499","1":"product","2":"type-product","3":"status-publish","4":"has-post-thumbnail","6":"product_cat-servicos","8":"first","9":"instock","10":"shipping-taxable","11":"purchasable","12":"product-type-variable","13":"has-default-attributes"},"_links":{"self":[{"href":"https:\/\/ipluso.tendenciadigital.pt\/grupo2\/wp-json\/wp\/v2\/product\/499","targetHints":{"allow":["GET"]}}],"collection":[{"href":"https:\/\/ipluso.tendenciadigital.pt\/grupo2\/wp-json\/wp\/v2\/product"}],"about":[{"href":"https:\/\/ipluso.tendenciadigital.pt\/grupo2\/wp-json\/wp\/v2\/types\/product"}],"replies":[{"embeddable":true,"href":"https:\/\/ipluso.tendenciadigital.pt\/grupo2\/wp-json\/wp\/v2\/comments?post=499"}],"version-history":[{"count":3,"href":"https:\/\/ipluso.tendenciadigital.pt\/grupo2\/wp-json\/wp\/v2\/product\/499\/revisions"}],"predecessor-version":[{"id":967,"href":"https:\/\/ipluso.tendenciadigital.pt\/grupo2\/wp-json\/wp\/v2\/product\/499\/revisions\/967"}],"wp:featuredmedia":[{"embeddable":true,"href":"https:\/\/ipluso.tendenciadigital.pt\/grupo2\/wp-json\/wp\/v2\/media\/966"}],"wp:attachment":[{"href":"https:\/\/ipluso.tendenciadigital.pt\/grupo2\/wp-json\/wp\/v2\/media?parent=499"}],"wp:term":[{"taxonomy":"product_cat","embeddable":true,"href":"https:\/\/ipluso.tendenciadigital.pt\/grupo2\/wp-json\/wp\/v2\/product_cat?post=499"},{"taxonomy":"product_tag","embeddable":true,"href":"https:\/\/ipluso.tendenciadigital.pt\/grupo2\/wp-json\/wp\/v2\/product_tag?post=499"}],"curies":[{"name":"wp","href":"https:\/\/api.w.org\/{rel}","templated":true}]}}