{"id":71,"date":"2024-10-24T08:44:52","date_gmt":"2024-10-24T08:44:52","guid":{"rendered":"https:\/\/ipluso.tendenciadigital.pt\/g1\/?post_type=product&#038;p=71"},"modified":"2024-11-21T05:53:36","modified_gmt":"2024-11-21T05:53:36","slug":"camiseta-masculina-de-gola-africana","status":"publish","type":"product","link":"https:\/\/ipluso.tendenciadigital.pt\/g1\/product\/camiseta-masculina-de-gola-africana\/","title":{"rendered":"Camiseta masculina de gola africana"},"content":{"rendered":"<h2><strong>Combine chique e simplicidade com esta camiseta masculina de gola africana<\/strong><\/h2>\n<p>N\u00e3o se deixe enganar pelo corte aparentemente simples desta <strong>Camiseta\u00a0Masculina de Gola Africana<\/strong>\u00a0porque por tr\u00e1s dela est\u00e1 um tesouro de eleg\u00e2ncia e conforto. Seu corte superdimensionado garante boa ventila\u00e7\u00e3o. A textura de algod\u00e3o desta pe\u00e7a, macia ao toque e agrad\u00e1vel \u00e0 pele, apoiar\u00e1 os seus esfor\u00e7os absorvendo a transpira\u00e7\u00e3o e mascarando o cheiro do suor. Experimente.<\/p>\n<ul>\n<li>Material: Algod\u00e3o<\/li>\n<li>Tipo:\u00a0<strong>Roupas tradicionais africanas<\/strong><\/li>\n<li>G\u00eanero: Masculino<\/li>\n<\/ul>\n","protected":false},"excerpt":{"rendered":"<p>N\u00e3o se deixe enganar pelo corte aparentemente simples desta <strong>Camiseta<\/strong><strong>\u00a0Masculina de Gola Africana<\/strong>\u00a0porque por tr\u00e1s dela est\u00e1 um tesouro de eleg\u00e2ncia e conforto. Seu corte superdimensionado garante boa ventila\u00e7\u00e3o.<\/p>\n","protected":false},"featured_media":170,"comment_status":"open","ping_status":"closed","template":"","meta":[],"product_cat":[28],"product_tag":[],"class_list":{"0":"post-71","1":"product","2":"type-product","3":"status-publish","4":"has-post-thumbnail","6":"product_cat-camisetas","8":"first","9":"instock","10":"shipping-taxable","11":"purchasable","12":"product-type-variable"},"_links":{"self":[{"href":"https:\/\/ipluso.tendenciadigital.pt\/g1\/wp-json\/wp\/v2\/product\/71","targetHints":{"allow":["GET"]}}],"collection":[{"href":"https:\/\/ipluso.tendenciadigital.pt\/g1\/wp-json\/wp\/v2\/product"}],"about":[{"href":"https:\/\/ipluso.tendenciadigital.pt\/g1\/wp-json\/wp\/v2\/types\/product"}],"replies":[{"embeddable":true,"href":"https:\/\/ipluso.tendenciadigital.pt\/g1\/wp-json\/wp\/v2\/comments?post=71"}],"version-history":[{"count":2,"href":"https:\/\/ipluso.tendenciadigital.pt\/g1\/wp-json\/wp\/v2\/product\/71\/revisions"}],"predecessor-version":[{"id":415,"href":"https:\/\/ipluso.tendenciadigital.pt\/g1\/wp-json\/wp\/v2\/product\/71\/revisions\/415"}],"wp:featuredmedia":[{"embeddable":true,"href":"https:\/\/ipluso.tendenciadigital.pt\/g1\/wp-json\/wp\/v2\/media\/170"}],"wp:attachment":[{"href":"https:\/\/ipluso.tendenciadigital.pt\/g1\/wp-json\/wp\/v2\/media?parent=71"}],"wp:term":[{"taxonomy":"product_cat","embeddable":true,"href":"https:\/\/ipluso.tendenciadigital.pt\/g1\/wp-json\/wp\/v2\/product_cat?post=71"},{"taxonomy":"product_tag","embeddable":true,"href":"https:\/\/ipluso.tendenciadigital.pt\/g1\/wp-json\/wp\/v2\/product_tag?post=71"}],"curies":[{"name":"wp","href":"https:\/\/api.w.org\/{rel}","templated":true}]}}